{"id":29,"date":"2021-01-13T16:13:05","date_gmt":"2021-01-13T16:13:05","guid":{"rendered":"http:\/\/layerdrops.com\/linoorwp\/?page_id=29"},"modified":"2021-07-02T13:51:42","modified_gmt":"2021-07-02T10:51:42","slug":"blog-grid-view","status":"publish","type":"page","link":"https:\/\/eksdanismanlik.com\/?page_id=29","title":{"rendered":"Kiralama Dan\u0131\u015fmanl\u0131\u011f\u0131"},"content":{"rendered":"\t\t<div data-elementor-type=\"wp-page\" data-elementor-id=\"29\" class=\"elementor elementor-29\">\n\t\t\t\t\t\t\t\t\t<section class=\"elementor-section elementor-top-section elementor-element elementor-element-d806d21 elementor-section-full_width elementor-section-height-default elementor-section-height-default\" data-id=\"d806d21\" data-element_type=\"section\">\n\t\t\t\t\t\t<div class=\"elementor-container elementor-column-gap-no\">\n\t\t\t\t\t<div class=\"elementor-column elementor-col-100 elementor-top-column elementor-element elementor-element-ae6ee89\" data-id=\"ae6ee89\" data-element_type=\"column\">\n\t\t\t<div class=\"elementor-widget-wrap elementor-element-populated\">\n\t\t\t\t\t\t\t\t<div class=\"elementor-element elementor-element-bee1307 elementor-widget elementor-widget-linoor-blog\" data-id=\"bee1307\" data-element_type=\"widget\" data-widget_type=\"linoor-blog.default\">\n\t\t\t\t<div class=\"elementor-widget-container\">\n\t\t\t\r\n        \r\n            <!-- News Section -->\r\n            <section class=\"news-section\">\r\n                <div class=\"auto-container\">\r\n                    \r\n                    <div class=\"row clearfix\">\r\n                                                                            <!--News Block-->\r\n                            <div class=\"news-block col-lg-4 col-md-6 col-sm-12\">\r\n                                <div class=\"inner-box\">\r\n                                    <div class=\"image-box\">\r\n                                        <a href=\"https:\/\/eksdanismanlik.com\/?p=2053\">\r\n                                            <img loading=\"lazy\" decoding=\"async\" width=\"370\" height=\"254\" src=\"https:\/\/eksdanismanlik.com\/wp-content\/uploads\/2023\/10\/WhatsApp-Gorsel-2023-10-05-saat-12.59.56_1b27f6d8-370x254.jpg\" class=\"attachment-linoor_blog_370X254 size-linoor_blog_370X254 wp-post-image\" alt=\"\" \/>                                        <\/a>\r\n                                    <\/div>\r\n                                    <div class=\"lower-box\">\r\n                                        <div class=\"post-meta\">\r\n                                            <ul class=\"clearfix m-0 list-unstyled\">\r\n                                                <li><span class=\"far fa-clock\"><\/span> <\/li>\r\n                                                                                                    <li><span class=\"byline\"><span class=\"far fa-user-circle\"><\/span> <span class=\"author vcard\"><a class=\"url fn n\" href=\"\"><\/a><\/span><\/span><\/li>\r\n                                                                                                                                            <\/ul>\r\n                                        <\/div>\r\n                                        <h5><a href=\"https:\/\/eksdanismanlik.com\/?p=2053\">D\u00fczce \u00dcniversitesi, Alg\u00fcn \u00dcnicenter<\/a><\/h5>\r\n                                                                                    <div class=\"text\">\r\n                                                \u00d6nceki Sonraki Alg\u00fcn \u00dcnicenter, D\u00fczce \u00dcniversitesi\u2019nin yan\u0131 ba\u015f\u0131nda, Ara\u015ft\u0131rma Hastanesi                                            <\/div>\r\n                                                                                <div class=\"link-box\"><a class=\"theme-btn\" href=\"https:\/\/eksdanismanlik.com\/?p=2053\"><span class=\"flaticon-next-1\"><\/span><\/a><\/div>\r\n                                    <\/div>\r\n                                <\/div>\r\n                            <\/div>\r\n                                                    <!--News Block-->\r\n                            <div class=\"news-block col-lg-4 col-md-6 col-sm-12\">\r\n                                <div class=\"inner-box\">\r\n                                    <div class=\"image-box\">\r\n                                        <a href=\"https:\/\/eksdanismanlik.com\/?p=2038\">\r\n                                            <img loading=\"lazy\" decoding=\"async\" width=\"370\" height=\"254\" src=\"https:\/\/eksdanismanlik.com\/wp-content\/uploads\/2023\/09\/4123-370x254.jpg\" class=\"attachment-linoor_blog_370X254 size-linoor_blog_370X254 wp-post-image\" alt=\"\" \/>                                        <\/a>\r\n                                    <\/div>\r\n                                    <div class=\"lower-box\">\r\n                                        <div class=\"post-meta\">\r\n                                            <ul class=\"clearfix m-0 list-unstyled\">\r\n                                                <li><span class=\"far fa-clock\"><\/span> <\/li>\r\n                                                                                                    <li><span class=\"byline\"><span class=\"far fa-user-circle\"><\/span> <span class=\"author vcard\"><a class=\"url fn n\" href=\"\"><\/a><\/span><\/span><\/li>\r\n                                                                                                                                            <\/ul>\r\n                                        <\/div>\r\n                                        <h5><a href=\"https:\/\/eksdanismanlik.com\/?p=2038\">Ankara \u00dcniversitesi G\u00f6lba\u015f\u0131 Kamp\u00fcs\u00fc<\/a><\/h5>\r\n                                                                                    <div class=\"text\">\r\n                                                Gen\u00e7lerin Bulu\u015fma Noktas\u0131 G\u00f6lba\u015f\u0131 Olacak\u2026 G\u00f6lba\u015f\u0131 sosyal ya\u015fam\u0131n\u0131 hareketlendirecek ve                                            <\/div>\r\n                                                                                <div class=\"link-box\"><a class=\"theme-btn\" href=\"https:\/\/eksdanismanlik.com\/?p=2038\"><span class=\"flaticon-next-1\"><\/span><\/a><\/div>\r\n                                    <\/div>\r\n                                <\/div>\r\n                            <\/div>\r\n                                                    <!--News Block-->\r\n                            <div class=\"news-block col-lg-4 col-md-6 col-sm-12\">\r\n                                <div class=\"inner-box\">\r\n                                    <div class=\"image-box\">\r\n                                        <a href=\"https:\/\/eksdanismanlik.com\/?p=2004\">\r\n                                            <img loading=\"lazy\" decoding=\"async\" width=\"370\" height=\"254\" src=\"https:\/\/eksdanismanlik.com\/wp-content\/uploads\/2022\/11\/adaa-370x254.jpg\" class=\"attachment-linoor_blog_370X254 size-linoor_blog_370X254 wp-post-image\" alt=\"\" \/>                                        <\/a>\r\n                                    <\/div>\r\n                                    <div class=\"lower-box\">\r\n                                        <div class=\"post-meta\">\r\n                                            <ul class=\"clearfix m-0 list-unstyled\">\r\n                                                <li><span class=\"far fa-clock\"><\/span> <\/li>\r\n                                                                                                    <li><span class=\"byline\"><span class=\"far fa-user-circle\"><\/span> <span class=\"author vcard\"><a class=\"url fn n\" href=\"\"><\/a><\/span><\/span><\/li>\r\n                                                                                                                                            <\/ul>\r\n                                        <\/div>\r\n                                        <h5><a href=\"https:\/\/eksdanismanlik.com\/?p=2004\">Ada AVM<\/a><\/h5>\r\n                                                                                    <div class=\"text\">\r\n                                                Sakarya&#039;n\u0131n En B\u00fcy\u00fck AVM&#039;lerinden olan Akg\u00fcnler Gruba Ait olan ADA                                            <\/div>\r\n                                                                                <div class=\"link-box\"><a class=\"theme-btn\" href=\"https:\/\/eksdanismanlik.com\/?p=2004\"><span class=\"flaticon-next-1\"><\/span><\/a><\/div>\r\n                                    <\/div>\r\n                                <\/div>\r\n                            <\/div>\r\n                                                    <!--News Block-->\r\n                            <div class=\"news-block col-lg-4 col-md-6 col-sm-12\">\r\n                                <div class=\"inner-box\">\r\n                                    <div class=\"image-box\">\r\n                                        <a href=\"https:\/\/eksdanismanlik.com\/?p=1990\">\r\n                                            <img loading=\"lazy\" decoding=\"async\" width=\"370\" height=\"254\" src=\"https:\/\/eksdanismanlik.com\/wp-content\/uploads\/2022\/09\/2-370x254.jpg\" class=\"attachment-linoor_blog_370X254 size-linoor_blog_370X254 wp-post-image\" alt=\"\" \/>                                        <\/a>\r\n                                    <\/div>\r\n                                    <div class=\"lower-box\">\r\n                                        <div class=\"post-meta\">\r\n                                            <ul class=\"clearfix m-0 list-unstyled\">\r\n                                                <li><span class=\"far fa-clock\"><\/span> <\/li>\r\n                                                                                                    <li><span class=\"byline\"><span class=\"far fa-user-circle\"><\/span> <span class=\"author vcard\"><a class=\"url fn n\" href=\"\"><\/a><\/span><\/span><\/li>\r\n                                                                                                                                            <\/ul>\r\n                                        <\/div>\r\n                                        <h5><a href=\"https:\/\/eksdanismanlik.com\/?p=1990\">Y\u0131ld\u0131z Life Premium<\/a><\/h5>\r\n                                                                                    <div class=\"text\">\r\n                                                \u00d6nceki Sonraki                                            <\/div>\r\n                                                                                <div class=\"link-box\"><a class=\"theme-btn\" href=\"https:\/\/eksdanismanlik.com\/?p=1990\"><span class=\"flaticon-next-1\"><\/span><\/a><\/div>\r\n                                    <\/div>\r\n                                <\/div>\r\n                            <\/div>\r\n                                                    <!--News Block-->\r\n                            <div class=\"news-block col-lg-4 col-md-6 col-sm-12\">\r\n                                <div class=\"inner-box\">\r\n                                    <div class=\"image-box\">\r\n                                        <a href=\"https:\/\/eksdanismanlik.com\/?p=1951\">\r\n                                            <img loading=\"lazy\" decoding=\"async\" width=\"370\" height=\"254\" src=\"https:\/\/eksdanismanlik.com\/wp-content\/uploads\/2022\/05\/0001-1-370x254.jpg\" class=\"attachment-linoor_blog_370X254 size-linoor_blog_370X254 wp-post-image\" alt=\"\" \/>                                        <\/a>\r\n                                    <\/div>\r\n                                    <div class=\"lower-box\">\r\n                                        <div class=\"post-meta\">\r\n                                            <ul class=\"clearfix m-0 list-unstyled\">\r\n                                                <li><span class=\"far fa-clock\"><\/span> <\/li>\r\n                                                                                                    <li><span class=\"byline\"><span class=\"far fa-user-circle\"><\/span> <span class=\"author vcard\"><a class=\"url fn n\" href=\"\"><\/a><\/span><\/span><\/li>\r\n                                                                                                                                            <\/ul>\r\n                                        <\/div>\r\n                                        <h5><a href=\"https:\/\/eksdanismanlik.com\/?p=1951\">Westalife AVM Zonguldak<\/a><\/h5>\r\n                                                                                    <div class=\"text\">\r\n                                                \u00d6nceki Sonraki                                            <\/div>\r\n                                                                                <div class=\"link-box\"><a class=\"theme-btn\" href=\"https:\/\/eksdanismanlik.com\/?p=1951\"><span class=\"flaticon-next-1\"><\/span><\/a><\/div>\r\n                                    <\/div>\r\n                                <\/div>\r\n                            <\/div>\r\n                                                    <!--News Block-->\r\n                            <div class=\"news-block col-lg-4 col-md-6 col-sm-12\">\r\n                                <div class=\"inner-box\">\r\n                                    <div class=\"image-box\">\r\n                                        <a href=\"https:\/\/eksdanismanlik.com\/?p=1941\">\r\n                                            <img loading=\"lazy\" decoding=\"async\" width=\"370\" height=\"254\" src=\"https:\/\/eksdanismanlik.com\/wp-content\/uploads\/2022\/05\/4711595-370x254.jpg\" class=\"attachment-linoor_blog_370X254 size-linoor_blog_370X254 wp-post-image\" alt=\"\" \/>                                        <\/a>\r\n                                    <\/div>\r\n                                    <div class=\"lower-box\">\r\n                                        <div class=\"post-meta\">\r\n                                            <ul class=\"clearfix m-0 list-unstyled\">\r\n                                                <li><span class=\"far fa-clock\"><\/span> <\/li>\r\n                                                                                                    <li><span class=\"byline\"><span class=\"far fa-user-circle\"><\/span> <span class=\"author vcard\"><a class=\"url fn n\" href=\"\"><\/a><\/span><\/span><\/li>\r\n                                                                                                                                            <\/ul>\r\n                                        <\/div>\r\n                                        <h5><a href=\"https:\/\/eksdanismanlik.com\/?p=1941\">EKS Dan\u0131\u015fmanl\u0131k&#8217;tan Bayram Hediyesi<\/a><\/h5>\r\n                                                                                    <div class=\"text\">\r\n                                                Karab\u00fck\u2019te yakla\u015fan Ramazan bayram\u0131 \u00f6ncesi hay\u0131rseverler huzurevi ve \u00e7ocuk evlerinde                                            <\/div>\r\n                                                                                <div class=\"link-box\"><a class=\"theme-btn\" href=\"https:\/\/eksdanismanlik.com\/?p=1941\"><span class=\"flaticon-next-1\"><\/span><\/a><\/div>\r\n                                    <\/div>\r\n                                <\/div>\r\n                            <\/div>\r\n                                                                            <div class=\"col-lg-12\">\r\n                                <div class=\"blog-post-pagination\">\r\n                                    <span class=\"page-numbers current\">1<\/span>\n<a class=\"page-numbers\" href=\"https:\/\/eksdanismanlik.com\/index.php?rest_route=%2Fwp%2Fv2%2Fpages%2F29&#038;paged=2\">2<\/a>\n<a class=\"page-numbers\" href=\"https:\/\/eksdanismanlik.com\/index.php?rest_route=%2Fwp%2Fv2%2Fpages%2F29&#038;paged=3\">3<\/a>\n<a class=\"next page-numbers\" href=\"https:\/\/eksdanismanlik.com\/index.php?rest_route=%2Fwp%2Fv2%2Fpages%2F29&#038;paged=2\"><i class=\"fa fa-angle-right\"><\/i><\/a>                                <\/div><!-- \/.blog-post-pagination -->\r\n                            <\/div><!-- \/.col-lg-12 -->\r\n                                                                    <\/div>\r\n                <\/div>\r\n            <\/section>\r\n\r\n        \r\n\r\n\t\t<\/div>\n\t\t\t\t<\/div>\n\t\t\t\t\t<\/div>\n\t\t<\/div>\n\t\t\t\t\t\t\t<\/div>\n\t\t<\/section>\n\t\t\t\t\t\t\t<\/div>\n\t\t","protected":false},"excerpt":{"rendered":"<p>13 Jan Ashikur 2 Comments on Leverage agile frameworks to provide a robust synopsis Leverage agile frameworks to provide a robust synopsis There are many variations of passages of Lorem Ipsum available, 13 Jan Ashikur 1 Comment on Organically grow the holistic world view Organically grow the holistic world view There are many variations of [&hellip;]<\/p>\n","protected":false},"author":1,"featured_media":0,"parent":0,"menu_order":0,"comment_status":"closed","ping_status":"closed","template":"elementor_header_footer","meta":{"footnotes":""},"class_list":["post-29","page","type-page","status-publish","hentry"],"yoast_head":"<!-- This site is optimized with the Yoast SEO plugin v18.9 - https:\/\/yoast.com\/wordpress\/plugins\/seo\/ -->\n<title>Kiralama Dan\u0131\u015fmanl\u0131\u011f\u0131 - EKS Dan\u0131\u015fmanl\u0131k Kiralama<\/title>\n<meta name=\"robots\" content=\"index, follow, max-snippet:-1, max-image-preview:large, max-video-preview:-1\" \/>\n<link rel=\"canonical\" href=\"https:\/\/eksdanismanlik.com\/?page_id=29\" \/>\n<meta property=\"og:locale\" content=\"tr_TR\" \/>\n<meta property=\"og:type\" content=\"article\" \/>\n<meta property=\"og:title\" content=\"Kiralama Dan\u0131\u015fmanl\u0131\u011f\u0131 - EKS Dan\u0131\u015fmanl\u0131k Kiralama\" \/>\n<meta property=\"og:description\" content=\"13 Jan Ashikur 2 Comments on Leverage agile frameworks to provide a robust synopsis Leverage agile frameworks to provide a robust synopsis There are many variations of passages of Lorem Ipsum available, 13 Jan Ashikur 1 Comment on Organically grow the holistic world view Organically grow the holistic world view There are many variations of [&hellip;]\" \/>\n<meta property=\"og:url\" content=\"https:\/\/eksdanismanlik.com\/?page_id=29\" \/>\n<meta property=\"og:site_name\" content=\"EKS Dan\u0131\u015fmanl\u0131k Kiralama\" \/>\n<meta property=\"article:modified_time\" content=\"2021-07-02T10:51:42+00:00\" \/>\n<meta property=\"og:image\" content=\"https:\/\/eksdanismanlik.com\/wp-content\/uploads\/2021\/01\/blog-post-3.jpg\" \/>\n<meta name=\"twitter:card\" content=\"summary_large_image\" \/>\n<meta name=\"twitter:label1\" content=\"Tahmini okuma s\u00fcresi\" \/>\n\t<meta name=\"twitter:data1\" content=\"1 dakika\" \/>\n<script type=\"application\/ld+json\" class=\"yoast-schema-graph\">{\"@context\":\"https:\/\/schema.org\",\"@graph\":[{\"@type\":\"WebSite\",\"@id\":\"https:\/\/eksdanismanlik.com\/#website\",\"url\":\"https:\/\/eksdanismanlik.com\/\",\"name\":\"EKS Dan\u0131\u015fmanl\u0131k Kiralama\",\"description\":\"Avm Kiralama Dan\u0131\u015fmanl\u0131k Firmas\u0131\",\"potentialAction\":[{\"@type\":\"SearchAction\",\"target\":{\"@type\":\"EntryPoint\",\"urlTemplate\":\"https:\/\/eksdanismanlik.com\/?s={search_term_string}\"},\"query-input\":\"required name=search_term_string\"}],\"inLanguage\":\"tr\"},{\"@type\":\"ImageObject\",\"inLanguage\":\"tr\",\"@id\":\"https:\/\/eksdanismanlik.com\/?page_id=29#primaryimage\",\"url\":\"https:\/\/eksdanismanlik.com\/wp-content\/uploads\/2021\/01\/blog-post-3.jpg\",\"contentUrl\":\"https:\/\/eksdanismanlik.com\/wp-content\/uploads\/2021\/01\/blog-post-3.jpg\",\"width\":1920,\"height\":1280},{\"@type\":\"WebPage\",\"@id\":\"https:\/\/eksdanismanlik.com\/?page_id=29#webpage\",\"url\":\"https:\/\/eksdanismanlik.com\/?page_id=29\",\"name\":\"Kiralama Dan\u0131\u015fmanl\u0131\u011f\u0131 - EKS Dan\u0131\u015fmanl\u0131k Kiralama\",\"isPartOf\":{\"@id\":\"https:\/\/eksdanismanlik.com\/#website\"},\"primaryImageOfPage\":{\"@id\":\"https:\/\/eksdanismanlik.com\/?page_id=29#primaryimage\"},\"datePublished\":\"2021-01-13T16:13:05+00:00\",\"dateModified\":\"2021-07-02T10:51:42+00:00\",\"breadcrumb\":{\"@id\":\"https:\/\/eksdanismanlik.com\/?page_id=29#breadcrumb\"},\"inLanguage\":\"tr\",\"potentialAction\":[{\"@type\":\"ReadAction\",\"target\":[\"https:\/\/eksdanismanlik.com\/?page_id=29\"]}]},{\"@type\":\"BreadcrumbList\",\"@id\":\"https:\/\/eksdanismanlik.com\/?page_id=29#breadcrumb\",\"itemListElement\":[{\"@type\":\"ListItem\",\"position\":1,\"name\":\"Anasayfa\",\"item\":\"https:\/\/eksdanismanlik.com\/\"},{\"@type\":\"ListItem\",\"position\":2,\"name\":\"Kiralama Dan\u0131\u015fmanl\u0131\u011f\u0131\"}]}]}<\/script>\n<!-- \/ Yoast SEO plugin. -->","yoast_head_json":{"title":"Kiralama Dan\u0131\u015fmanl\u0131\u011f\u0131 - EKS Dan\u0131\u015fmanl\u0131k Kiralama","robots":{"index":"index","follow":"follow","max-snippet":"max-snippet:-1","max-image-preview":"max-image-preview:large","max-video-preview":"max-video-preview:-1"},"canonical":"https:\/\/eksdanismanlik.com\/?page_id=29","og_locale":"tr_TR","og_type":"article","og_title":"Kiralama Dan\u0131\u015fmanl\u0131\u011f\u0131 - EKS Dan\u0131\u015fmanl\u0131k Kiralama","og_description":"13 Jan Ashikur 2 Comments on Leverage agile frameworks to provide a robust synopsis Leverage agile frameworks to provide a robust synopsis There are many variations of passages of Lorem Ipsum available, 13 Jan Ashikur 1 Comment on Organically grow the holistic world view Organically grow the holistic world view There are many variations of [&hellip;]","og_url":"https:\/\/eksdanismanlik.com\/?page_id=29","og_site_name":"EKS Dan\u0131\u015fmanl\u0131k Kiralama","article_modified_time":"2021-07-02T10:51:42+00:00","og_image":[{"url":"https:\/\/eksdanismanlik.com\/wp-content\/uploads\/2021\/01\/blog-post-3.jpg"}],"twitter_card":"summary_large_image","twitter_misc":{"Tahmini okuma s\u00fcresi":"1 dakika"},"schema":{"@context":"https:\/\/schema.org","@graph":[{"@type":"WebSite","@id":"https:\/\/eksdanismanlik.com\/#website","url":"https:\/\/eksdanismanlik.com\/","name":"EKS Dan\u0131\u015fmanl\u0131k Kiralama","description":"Avm Kiralama Dan\u0131\u015fmanl\u0131k Firmas\u0131","potentialAction":[{"@type":"SearchAction","target":{"@type":"EntryPoint","urlTemplate":"https:\/\/eksdanismanlik.com\/?s={search_term_string}"},"query-input":"required name=search_term_string"}],"inLanguage":"tr"},{"@type":"ImageObject","inLanguage":"tr","@id":"https:\/\/eksdanismanlik.com\/?page_id=29#primaryimage","url":"https:\/\/eksdanismanlik.com\/wp-content\/uploads\/2021\/01\/blog-post-3.jpg","contentUrl":"https:\/\/eksdanismanlik.com\/wp-content\/uploads\/2021\/01\/blog-post-3.jpg","width":1920,"height":1280},{"@type":"WebPage","@id":"https:\/\/eksdanismanlik.com\/?page_id=29#webpage","url":"https:\/\/eksdanismanlik.com\/?page_id=29","name":"Kiralama Dan\u0131\u015fmanl\u0131\u011f\u0131 - EKS Dan\u0131\u015fmanl\u0131k Kiralama","isPartOf":{"@id":"https:\/\/eksdanismanlik.com\/#website"},"primaryImageOfPage":{"@id":"https:\/\/eksdanismanlik.com\/?page_id=29#primaryimage"},"datePublished":"2021-01-13T16:13:05+00:00","dateModified":"2021-07-02T10:51:42+00:00","breadcrumb":{"@id":"https:\/\/eksdanismanlik.com\/?page_id=29#breadcrumb"},"inLanguage":"tr","potentialAction":[{"@type":"ReadAction","target":["https:\/\/eksdanismanlik.com\/?page_id=29"]}]},{"@type":"BreadcrumbList","@id":"https:\/\/eksdanismanlik.com\/?page_id=29#breadcrumb","itemListElement":[{"@type":"ListItem","position":1,"name":"Anasayfa","item":"https:\/\/eksdanismanlik.com\/"},{"@type":"ListItem","position":2,"name":"Kiralama Dan\u0131\u015fmanl\u0131\u011f\u0131"}]}]}},"_links":{"self":[{"href":"https:\/\/eksdanismanlik.com\/index.php?rest_route=\/wp\/v2\/pages\/29","targetHints":{"allow":["GET"]}}],"collection":[{"href":"https:\/\/eksdanismanlik.com\/index.php?rest_route=\/wp\/v2\/pages"}],"about":[{"href":"https:\/\/eksdanismanlik.com\/index.php?rest_route=\/wp\/v2\/types\/page"}],"author":[{"embeddable":true,"href":"https:\/\/eksdanismanlik.com\/index.php?rest_route=\/wp\/v2\/users\/1"}],"replies":[{"embeddable":true,"href":"https:\/\/eksdanismanlik.com\/index.php?rest_route=%2Fwp%2Fv2%2Fcomments&post=29"}],"version-history":[{"count":2,"href":"https:\/\/eksdanismanlik.com\/index.php?rest_route=\/wp\/v2\/pages\/29\/revisions"}],"predecessor-version":[{"id":1583,"href":"https:\/\/eksdanismanlik.com\/index.php?rest_route=\/wp\/v2\/pages\/29\/revisions\/1583"}],"wp:attachment":[{"href":"https:\/\/eksdanismanlik.com\/index.php?rest_route=%2Fwp%2Fv2%2Fmedia&parent=29"}],"curies":[{"name":"wp","href":"https:\/\/api.w.org\/{rel}","templated":true}]}}