{"id":1009,"date":"2021-03-19T18:16:05","date_gmt":"2021-03-19T15:16:05","guid":{"rendered":"http:\/\/layerdrops.com\/linoorwp\/?page_id=1009"},"modified":"2021-08-20T11:37:10","modified_gmt":"2021-08-20T08:37:10","slug":"hakkimizda","status":"publish","type":"page","link":"https:\/\/eksdanismanlik.com\/?page_id=1009","title":{"rendered":"Hakk\u0131m\u0131zda"},"content":{"rendered":"\t\t<div data-elementor-type=\"wp-page\" data-elementor-id=\"1009\" class=\"elementor elementor-1009\">\n\t\t\t\t\t\t\t\t\t<section class=\"elementor-section elementor-top-section elementor-element elementor-element-a419e0c elementor-section-full_width elementor-section-height-default elementor-section-height-default\" data-id=\"a419e0c\" data-element_type=\"section\">\n\t\t\t\t\t\t<div class=\"elementor-container elementor-column-gap-no\">\n\t\t\t\t\t<div class=\"elementor-column elementor-col-100 elementor-top-column elementor-element elementor-element-5f9011a\" data-id=\"5f9011a\" data-element_type=\"column\">\n\t\t\t<div class=\"elementor-widget-wrap elementor-element-populated\">\n\t\t\t\t\t\t\t\t<div class=\"elementor-element elementor-element-167c4c3 elementor-widget elementor-widget-linoor-aboutme\" data-id=\"167c4c3\" data-element_type=\"widget\" data-widget_type=\"linoor-aboutme.default\">\n\t\t\t\t<div class=\"elementor-widget-container\">\n\t\t\t\r\n        <section class=\"about-me-one\">\r\n            <div class=\"auto-container\">\r\n                <div class=\"row\">\r\n                    <div class=\"col-md-12 col-lg-6\">\r\n                        <div class=\"about-me-one__image\">\r\n                            <img decoding=\"async\" src=\"https:\/\/eksdanismanlik.com\/wp-content\/uploads\/2021\/08\/asd.jpg\" alt=\"K\u00fcbra EKMEK\u00c7\u0130&lt;span class=&quot;dot&quot;&gt;&lt;\/span&gt;\">\r\n                        <\/div><!-- \/.about-me-one__image -->\r\n                    <\/div><!-- \/.col-md-12 -->\r\n                    <div class=\"col-md-12 col-lg-6\">\r\n                        <div class=\"about-me-one__content\">\r\n                            <div class=\"sec-title\">\r\n                                <h2>K\u00fcbra EKMEK\u00c7\u0130<span class=\"dot\"><\/span><\/h2>\r\n                            <\/div>\r\n                            <div class=\"about-me-one__social\">\r\n                                                                    <a href=\"https:\/\/www.facebook.com\/kubra.ekmekci.7503\"><i class=\"fab fa-twitter\"><\/i><\/a>\r\n                                                                    <a href=\"#\"><i class=\"fab fa-facebook\"><\/i><\/a>\r\n                                                                    <a href=\"#\"><i class=\"fab fa-linkedin-in\"><\/i><\/a>\r\n                                                                    <a href=\"#\"><i class=\"fab fa-pinterest-p\"><\/i><\/a>\r\n                                                            <\/div><!-- \/.about-me-one__social -->\r\n\r\n                                                            <p class=\"about-me-one__text\">Siz de\u011ferli m\u00fc\u015fterilerimizi do\u011fru y\u00f6nlendirmek, ma\u011faza, ofis kiralama ve sat\u0131\u015f, konut al\u0131m sat\u0131\u015f ve kiralama, organizasyon ve s\u00fcsleme, reklam \u00fczerine 10 y\u0131ld\u0131r kazand\u0131\u011f\u0131 tecr\u00fcbeler ve deneyimler sonras\u0131nda EKS DANI\u015eMANLIK \u015firket\u2019ini kurdu.<\/p>\r\n\r\n                                                            <p class=\"about-me-one__text\">Yat\u0131r\u0131mc\u0131n\u0131n istek ve taleplerine de\u011fer veren ve yat\u0131r\u0131mc\u0131n\u0131n y\u00fcz\u00fcn\u00fc g\u00fcld\u00fcrmeyi hedefleyen EKS DANI\u015eMANLIK bunu ilke edinip bu \u015fekilde \u00e7al\u0131\u015fmalar\u0131na devam etmektedir.<\/p>\r\n\r\n                            \r\n                            <p class=\"about-me-one__qoute\">Zaman\u0131n\u0131z En De\u011ferli Varl\u0131\u011f\u0131n\u0131z<\/p>\r\n                            <!-- \/.about-me-one__qoute -->\r\n\r\n                            <div class=\"row about-me-one__certificate-row\">\r\n                                                                    <div class=\"col-md-6\">\r\n                                        <img decoding=\"async\" src=\"\" alt=\"\">\r\n                                    <\/div><!-- \/.col-md-6 -->\r\n                                                            <\/div><!-- \/.row -->\r\n                        <\/div><!-- \/.about-me-one__content -->\r\n                    <\/div><!-- \/.col-md-12 -->\r\n                <\/div><!-- \/.row -->\r\n            <\/div><!-- \/.auto-container -->\r\n        <\/section><!-- \/.about-me-one -->\r\n\t\t<\/div>\n\t\t\t\t<\/div>\n\t\t\t\t\t<\/div>\n\t\t<\/div>\n\t\t\t\t\t\t\t<\/div>\n\t\t<\/section>\n\t\t\t\t\t\t\t<\/div>\n\t\t","protected":false},"excerpt":{"rendered":"<p>K\u00fcbra EKMEK\u00c7\u0130 Siz de\u011ferli m\u00fc\u015fterilerimizi do\u011fru y\u00f6nlendirmek, ma\u011faza, ofis kiralama ve sat\u0131\u015f, konut al\u0131m sat\u0131\u015f ve kiralama, organizasyon ve s\u00fcsleme, reklam \u00fczerine 10 y\u0131ld\u0131r kazand\u0131\u011f\u0131 tecr\u00fcbeler ve deneyimler sonras\u0131nda EKS DANI\u015eMANLIK \u015firket\u2019ini kurdu. Yat\u0131r\u0131mc\u0131n\u0131n istek ve taleplerine de\u011fer veren ve yat\u0131r\u0131mc\u0131n\u0131n y\u00fcz\u00fcn\u00fc g\u00fcld\u00fcrmeyi hedefleyen EKS DANI\u015eMANLIK bunu ilke edinip bu \u015fekilde \u00e7al\u0131\u015fmalar\u0131na devam etmektedir. Zaman\u0131n\u0131z [&hellip;]<\/p>\n","protected":false},"author":1,"featured_media":0,"parent":0,"menu_order":0,"comment_status":"closed","ping_status":"closed","template":"elementor_header_footer","meta":{"footnotes":""},"class_list":["post-1009","page","type-page","status-publish","hentry"],"yoast_head":"<!-- This site is optimized with the Yoast SEO plugin v18.9 - https:\/\/yoast.com\/wordpress\/plugins\/seo\/ -->\n<title>Hakk\u0131m\u0131zda - EKS Dan\u0131\u015fmanl\u0131k Kiralama<\/title>\n<meta name=\"robots\" content=\"index, follow, max-snippet:-1, max-image-preview:large, max-video-preview:-1\" \/>\n<link rel=\"canonical\" href=\"https:\/\/eksdanismanlik.com\/?page_id=1009\" \/>\n<meta property=\"og:locale\" content=\"tr_TR\" \/>\n<meta property=\"og:type\" content=\"article\" \/>\n<meta property=\"og:title\" content=\"Hakk\u0131m\u0131zda - EKS Dan\u0131\u015fmanl\u0131k Kiralama\" \/>\n<meta property=\"og:description\" content=\"K\u00fcbra EKMEK\u00c7\u0130 Siz de\u011ferli m\u00fc\u015fterilerimizi do\u011fru y\u00f6nlendirmek, ma\u011faza, ofis kiralama ve sat\u0131\u015f, konut al\u0131m sat\u0131\u015f ve kiralama, organizasyon ve s\u00fcsleme, reklam \u00fczerine 10 y\u0131ld\u0131r kazand\u0131\u011f\u0131 tecr\u00fcbeler ve deneyimler sonras\u0131nda EKS DANI\u015eMANLIK \u015firket\u2019ini kurdu. Yat\u0131r\u0131mc\u0131n\u0131n istek ve taleplerine de\u011fer veren ve yat\u0131r\u0131mc\u0131n\u0131n y\u00fcz\u00fcn\u00fc g\u00fcld\u00fcrmeyi hedefleyen EKS DANI\u015eMANLIK bunu ilke edinip bu \u015fekilde \u00e7al\u0131\u015fmalar\u0131na devam etmektedir. Zaman\u0131n\u0131z [&hellip;]\" \/>\n<meta property=\"og:url\" content=\"https:\/\/eksdanismanlik.com\/?page_id=1009\" \/>\n<meta property=\"og:site_name\" content=\"EKS Dan\u0131\u015fmanl\u0131k Kiralama\" \/>\n<meta property=\"article:modified_time\" content=\"2021-08-20T08:37:10+00:00\" \/>\n<meta property=\"og:image\" content=\"https:\/\/eksdanismanlik.com\/wp-content\/uploads\/2021\/08\/asd.jpg\" \/>\n<meta name=\"twitter:card\" content=\"summary_large_image\" \/>\n<meta name=\"twitter:label1\" content=\"Tahmini okuma s\u00fcresi\" \/>\n\t<meta name=\"twitter:data1\" content=\"1 dakika\" \/>\n<script type=\"application\/ld+json\" class=\"yoast-schema-graph\">{\"@context\":\"https:\/\/schema.org\",\"@graph\":[{\"@type\":\"WebSite\",\"@id\":\"https:\/\/eksdanismanlik.com\/#website\",\"url\":\"https:\/\/eksdanismanlik.com\/\",\"name\":\"EKS Dan\u0131\u015fmanl\u0131k Kiralama\",\"description\":\"Avm Kiralama Dan\u0131\u015fmanl\u0131k Firmas\u0131\",\"potentialAction\":[{\"@type\":\"SearchAction\",\"target\":{\"@type\":\"EntryPoint\",\"urlTemplate\":\"https:\/\/eksdanismanlik.com\/?s={search_term_string}\"},\"query-input\":\"required name=search_term_string\"}],\"inLanguage\":\"tr\"},{\"@type\":\"ImageObject\",\"inLanguage\":\"tr\",\"@id\":\"https:\/\/eksdanismanlik.com\/?page_id=1009#primaryimage\",\"url\":\"https:\/\/eksdanismanlik.com\/wp-content\/uploads\/2021\/08\/asd.jpg\",\"contentUrl\":\"https:\/\/eksdanismanlik.com\/wp-content\/uploads\/2021\/08\/asd.jpg\",\"width\":570,\"height\":743},{\"@type\":\"WebPage\",\"@id\":\"https:\/\/eksdanismanlik.com\/?page_id=1009#webpage\",\"url\":\"https:\/\/eksdanismanlik.com\/?page_id=1009\",\"name\":\"Hakk\u0131m\u0131zda - EKS Dan\u0131\u015fmanl\u0131k Kiralama\",\"isPartOf\":{\"@id\":\"https:\/\/eksdanismanlik.com\/#website\"},\"primaryImageOfPage\":{\"@id\":\"https:\/\/eksdanismanlik.com\/?page_id=1009#primaryimage\"},\"datePublished\":\"2021-03-19T15:16:05+00:00\",\"dateModified\":\"2021-08-20T08:37:10+00:00\",\"breadcrumb\":{\"@id\":\"https:\/\/eksdanismanlik.com\/?page_id=1009#breadcrumb\"},\"inLanguage\":\"tr\",\"potentialAction\":[{\"@type\":\"ReadAction\",\"target\":[\"https:\/\/eksdanismanlik.com\/?page_id=1009\"]}]},{\"@type\":\"BreadcrumbList\",\"@id\":\"https:\/\/eksdanismanlik.com\/?page_id=1009#breadcrumb\",\"itemListElement\":[{\"@type\":\"ListItem\",\"position\":1,\"name\":\"Anasayfa\",\"item\":\"https:\/\/eksdanismanlik.com\/\"},{\"@type\":\"ListItem\",\"position\":2,\"name\":\"Hakk\u0131m\u0131zda\"}]}]}<\/script>\n<!-- \/ Yoast SEO plugin. -->","yoast_head_json":{"title":"Hakk\u0131m\u0131zda - EKS Dan\u0131\u015fmanl\u0131k Kiralama","robots":{"index":"index","follow":"follow","max-snippet":"max-snippet:-1","max-image-preview":"max-image-preview:large","max-video-preview":"max-video-preview:-1"},"canonical":"https:\/\/eksdanismanlik.com\/?page_id=1009","og_locale":"tr_TR","og_type":"article","og_title":"Hakk\u0131m\u0131zda - EKS Dan\u0131\u015fmanl\u0131k Kiralama","og_description":"K\u00fcbra EKMEK\u00c7\u0130 Siz de\u011ferli m\u00fc\u015fterilerimizi do\u011fru y\u00f6nlendirmek, ma\u011faza, ofis kiralama ve sat\u0131\u015f, konut al\u0131m sat\u0131\u015f ve kiralama, organizasyon ve s\u00fcsleme, reklam \u00fczerine 10 y\u0131ld\u0131r kazand\u0131\u011f\u0131 tecr\u00fcbeler ve deneyimler sonras\u0131nda EKS DANI\u015eMANLIK \u015firket\u2019ini kurdu. Yat\u0131r\u0131mc\u0131n\u0131n istek ve taleplerine de\u011fer veren ve yat\u0131r\u0131mc\u0131n\u0131n y\u00fcz\u00fcn\u00fc g\u00fcld\u00fcrmeyi hedefleyen EKS DANI\u015eMANLIK bunu ilke edinip bu \u015fekilde \u00e7al\u0131\u015fmalar\u0131na devam etmektedir. Zaman\u0131n\u0131z [&hellip;]","og_url":"https:\/\/eksdanismanlik.com\/?page_id=1009","og_site_name":"EKS Dan\u0131\u015fmanl\u0131k Kiralama","article_modified_time":"2021-08-20T08:37:10+00:00","og_image":[{"url":"https:\/\/eksdanismanlik.com\/wp-content\/uploads\/2021\/08\/asd.jpg"}],"twitter_card":"summary_large_image","twitter_misc":{"Tahmini okuma s\u00fcresi":"1 dakika"},"schema":{"@context":"https:\/\/schema.org","@graph":[{"@type":"WebSite","@id":"https:\/\/eksdanismanlik.com\/#website","url":"https:\/\/eksdanismanlik.com\/","name":"EKS Dan\u0131\u015fmanl\u0131k Kiralama","description":"Avm Kiralama Dan\u0131\u015fmanl\u0131k Firmas\u0131","potentialAction":[{"@type":"SearchAction","target":{"@type":"EntryPoint","urlTemplate":"https:\/\/eksdanismanlik.com\/?s={search_term_string}"},"query-input":"required name=search_term_string"}],"inLanguage":"tr"},{"@type":"ImageObject","inLanguage":"tr","@id":"https:\/\/eksdanismanlik.com\/?page_id=1009#primaryimage","url":"https:\/\/eksdanismanlik.com\/wp-content\/uploads\/2021\/08\/asd.jpg","contentUrl":"https:\/\/eksdanismanlik.com\/wp-content\/uploads\/2021\/08\/asd.jpg","width":570,"height":743},{"@type":"WebPage","@id":"https:\/\/eksdanismanlik.com\/?page_id=1009#webpage","url":"https:\/\/eksdanismanlik.com\/?page_id=1009","name":"Hakk\u0131m\u0131zda - EKS Dan\u0131\u015fmanl\u0131k Kiralama","isPartOf":{"@id":"https:\/\/eksdanismanlik.com\/#website"},"primaryImageOfPage":{"@id":"https:\/\/eksdanismanlik.com\/?page_id=1009#primaryimage"},"datePublished":"2021-03-19T15:16:05+00:00","dateModified":"2021-08-20T08:37:10+00:00","breadcrumb":{"@id":"https:\/\/eksdanismanlik.com\/?page_id=1009#breadcrumb"},"inLanguage":"tr","potentialAction":[{"@type":"ReadAction","target":["https:\/\/eksdanismanlik.com\/?page_id=1009"]}]},{"@type":"BreadcrumbList","@id":"https:\/\/eksdanismanlik.com\/?page_id=1009#breadcrumb","itemListElement":[{"@type":"ListItem","position":1,"name":"Anasayfa","item":"https:\/\/eksdanismanlik.com\/"},{"@type":"ListItem","position":2,"name":"Hakk\u0131m\u0131zda"}]}]}},"_links":{"self":[{"href":"https:\/\/eksdanismanlik.com\/index.php?rest_route=\/wp\/v2\/pages\/1009","targetHints":{"allow":["GET"]}}],"collection":[{"href":"https:\/\/eksdanismanlik.com\/index.php?rest_route=\/wp\/v2\/pages"}],"about":[{"href":"https:\/\/eksdanismanlik.com\/index.php?rest_route=\/wp\/v2\/types\/page"}],"author":[{"embeddable":true,"href":"https:\/\/eksdanismanlik.com\/index.php?rest_route=\/wp\/v2\/users\/1"}],"replies":[{"embeddable":true,"href":"https:\/\/eksdanismanlik.com\/index.php?rest_route=%2Fwp%2Fv2%2Fcomments&post=1009"}],"version-history":[{"count":27,"href":"https:\/\/eksdanismanlik.com\/index.php?rest_route=\/wp\/v2\/pages\/1009\/revisions"}],"predecessor-version":[{"id":1793,"href":"https:\/\/eksdanismanlik.com\/index.php?rest_route=\/wp\/v2\/pages\/1009\/revisions\/1793"}],"wp:attachment":[{"href":"https:\/\/eksdanismanlik.com\/index.php?rest_route=%2Fwp%2Fv2%2Fmedia&parent=1009"}],"curies":[{"name":"wp","href":"https:\/\/api.w.org\/{rel}","templated":true}]}}